{"id":15,"date":"2013-03-16T17:45:32","date_gmt":"2013-03-16T15:45:32","guid":{"rendered":"http:\/\/www.friendly-bears.de\/wordpress\/?page_id=15"},"modified":"2013-05-30T18:15:55","modified_gmt":"2013-05-30T16:15:55","slug":"uber-mich","status":"publish","type":"page","link":"http:\/\/www.friendly-bears.de\/?page_id=15","title":{"rendered":"\u00dcber mich"},"content":{"rendered":"<p>&nbsp;<\/p>\n<p><img decoding=\"async\" loading=\"lazy\" class=\"size-medium wp-image-106 aligncenter\" alt=\"OLYMPUS DIGITAL CAMERA\" src=\"http:\/\/www.friendly-bears.de\/wp-content\/uploads\/2013\/03\/P6090272-300x224.jpg\" width=\"353\" height=\"256\" \/><\/p>\n<h2 style=\"text-align: center;\"><\/h2>\n<h1 style=\"text-align: center;\"><span style=\"color: #000000;\"><strong>Herzlich Willkommen auf meiner Homepage<\/strong><\/span><\/h1>\n<h1 style=\"text-align: center;\"><span style=\"color: #000000;\"><strong>\u00a0 <\/strong><\/span><\/h1>\n<h3 style=\"text-align: center;\"><strong><span style=\"color: #000000;\">Mein Name ist Sabine Noll und ich m\u00f6chte auf meiner Homepage Ihnen\/Euch mein Hobby vorstellen.<\/span><\/strong><\/h3>\n<h3 style=\"text-align: center;\"><strong><span style=\"color: #000000;\">1997 habe ich den 1. Teddyb\u00e4ren gen\u00e4ht. Er war f\u00fcr mein Patenkind und aus Frotteestoff mit ganz langen Armen <\/span><\/strong><strong><span style=\"color: #000000;\">und langen Beinen\u00a0sehr weich gestopft. Einen Teddy zum Schmusen. Seit dem bin ich im B\u00e4renfieber.<\/span><\/strong><\/h3>\n<h3 style=\"text-align: center;\"><strong><span style=\"color: #000000;\">Erst habe ich Schnitte aus Fachzeitschriften verwendet und irgendwann habe ich angefangen selbst zu t\u00fcfteln. <\/span><\/strong><strong><span style=\"color: #000000;\">Es entwickelte sich daraus mein eigener Stil.<\/span><\/strong><\/h3>\n<h3 style=\"text-align: center;\"><strong><span style=\"color: #000000;\">Ich verwende \u00fcberwiegend hochwertiges Mohairfell,\u00a0 Alpakawolle und auch echten Pelz, ausschlie\u00dflich aus alten Nerzjacken. Der Kopf , Arme und Beine sind mit Gelenkscheiben und Metallsplinten befestigt und lassen sich deshalb bewegen.<\/span><\/strong><\/h3>\n<h3 style=\"text-align: center;\"><strong><span style=\"color: #000000;\">Seit ca. 2000 stelle ich meine Teddyb\u00e4ren auf Kunsthandwerkerm\u00e4rkten oder auch auf Weihnachtsm\u00e4rkten aus. <\/span><\/strong><strong><span style=\"color: #000000;\">Und weil mir auf den Ausstellungen die Besucher oft sagten &#8220; Die B\u00e4ren haben ein freundliches Gesicht und sehen so <\/span><\/strong><strong><span style=\"color: #000000;\">s\u00fc\u00df aus&#8220; kam ich auf den Namen friendly-bears.<\/span><\/strong><\/h3>\n<h3 style=\"text-align: center;\"><strong><span style=\"color: #000000;\">Nun w\u00fcnsche ich viel Spa\u00df beim Anschauen meiner Homepage\u00a0<\/span><\/strong><\/h3>\n<h3><strong><span style=\"color: #000000;\">\u00a0<\/span><\/strong><\/h3>\n","protected":false},"excerpt":{"rendered":"<p>&nbsp; Herzlich Willkommen auf meiner Homepage \u00a0 Mein Name ist Sabine Noll und ich m\u00f6chte auf meiner Homepage Ihnen\/Euch mein Hobby vorstellen. 1997 habe ich den 1. Teddyb\u00e4ren gen\u00e4ht. Er war f\u00fcr mein Patenkind und&#8230;<br \/><a href=\"http:\/\/www.friendly-bears.de\/?page_id=15\" class=\"read-more\">continue reading<\/a><\/p>\n","protected":false},"author":1,"featured_media":0,"parent":0,"menu_order":0,"comment_status":"open","ping_status":"open","template":"template-fullwidth.php","meta":{"footnotes":""},"_links":{"self":[{"href":"http:\/\/www.friendly-bears.de\/index.php?rest_route=\/wp\/v2\/pages\/15"}],"collection":[{"href":"http:\/\/www.friendly-bears.de\/index.php?rest_route=\/wp\/v2\/pages"}],"about":[{"href":"http:\/\/www.friendly-bears.de\/index.php?rest_route=\/wp\/v2\/types\/page"}],"author":[{"embeddable":true,"href":"http:\/\/www.friendly-bears.de\/index.php?rest_route=\/wp\/v2\/users\/1"}],"replies":[{"embeddable":true,"href":"http:\/\/www.friendly-bears.de\/index.php?rest_route=%2Fwp%2Fv2%2Fcomments&post=15"}],"version-history":[{"count":18,"href":"http:\/\/www.friendly-bears.de\/index.php?rest_route=\/wp\/v2\/pages\/15\/revisions"}],"predecessor-version":[{"id":325,"href":"http:\/\/www.friendly-bears.de\/index.php?rest_route=\/wp\/v2\/pages\/15\/revisions\/325"}],"wp:attachment":[{"href":"http:\/\/www.friendly-bears.de\/index.php?rest_route=%2Fwp%2Fv2%2Fmedia&parent=15"}],"curies":[{"name":"wp","href":"https:\/\/api.w.org\/{rel}","templated":true}]}}